{"id":2,"date":"2022-02-16T12:34:04","date_gmt":"2022-02-16T11:34:04","guid":{"rendered":"https:\/\/elementor.043basis.nl\/?page_id=2"},"modified":"2026-03-24T09:08:19","modified_gmt":"2026-03-24T08:08:19","slug":"home","status":"publish","type":"page","link":"https:\/\/bergrust.nl\/de\/","title":{"rendered":"Home"},"content":{"rendered":"<div data-elementor-type=\"wp-page\" data-elementor-id=\"2\" class=\"elementor elementor-2\" data-elementor-post-type=\"page\">\n\t\t\t\t<div class=\"elementor-element elementor-element-c3bab31 e-con-full e-flex e-con e-parent\" data-id=\"c3bab31\" data-element_type=\"container\" data-e-type=\"container\" data-settings=\"{&quot;background_background&quot;:&quot;video&quot;,&quot;background_video_link&quot;:&quot;https:\\\/\\\/vimeo.com\\\/1011922189?share=copy&quot;,&quot;background_play_on_mobile&quot;:&quot;yes&quot;,&quot;jet_parallax_layout_list&quot;:[]}\">\n\t\t<div class=\"elementor-background-video-container\">\n\t\t\t\t\t\t\t<div class=\"elementor-background-video-embed\" role=\"presentation\"><\/div>\n\t\t\t\t\t\t<\/div>\t\t<\/div>\n\t\t<div class=\"elementor-element elementor-element-5436f66 e-flex e-con-boxed e-con e-parent\" data-id=\"5436f66\" data-element_type=\"container\" data-e-type=\"container\" data-settings=\"{&quot;background_background&quot;:&quot;classic&quot;,&quot;jet_parallax_layout_list&quot;:[]}\">\n\t\t\t\t\t<div class=\"e-con-inner\">\n\t\t<div class=\"elementor-element elementor-element-022187e e-con-full e-flex e-con e-child\" data-id=\"022187e\" data-element_type=\"container\" data-e-type=\"container\" data-settings=\"{&quot;jet_parallax_layout_list&quot;:[]}\">\n\t\t<div class=\"elementor-element elementor-element-c2d41f3 e-con-full e-flex e-con e-child\" data-id=\"c2d41f3\" data-element_type=\"container\" data-e-type=\"container\" data-settings=\"{&quot;jet_parallax_layout_list&quot;:[]}\">\n\t\t<div class=\"elementor-element elementor-element-dfbcc37 e-con-full e-flex e-con e-child\" data-id=\"dfbcc37\" data-element_type=\"container\" data-e-type=\"container\" data-settings=\"{&quot;jet_parallax_layout_list&quot;:[]}\">\n\t\t\t\t<div class=\"elementor-element elementor-element-fb8a535 elementor-widget elementor-widget-heading\" data-id=\"fb8a535\" data-element_type=\"widget\" data-e-type=\"widget\" data-widget_type=\"heading.default\">\n\t\t\t\t<div class=\"elementor-widget-container\">\n\t\t\t\t\t<h1 class=\"elementor-heading-title elementor-size-default\">Entdecken Sie den Komfort und die einzigartige Lage des Hotel Bergrust in Bemelen<\/h1>\t\t\t\t<\/div>\n\t\t\t\t<\/div>\n\t\t\t\t<div class=\"elementor-element elementor-element-a41a12b elementor-widget elementor-widget-image\" data-id=\"a41a12b\" data-element_type=\"widget\" data-e-type=\"widget\" data-widget_type=\"image.default\">\n\t\t\t\t<div class=\"elementor-widget-container\">\n\t\t\t\t\t\t\t\t\t\t\t\t\t\t\t<img decoding=\"async\" width=\"800\" height=\"15\" src=\"https:\/\/bergrust.nl\/wp-content\/uploads\/2025\/12\/hr.png\" class=\"attachment-large size-large wp-image-406\" alt=\"\" srcset=\"https:\/\/bergrust.nl\/wp-content\/uploads\/2025\/12\/hr.png 960w, https:\/\/bergrust.nl\/wp-content\/uploads\/2025\/12\/hr-300x6.png 300w, https:\/\/bergrust.nl\/wp-content\/uploads\/2025\/12\/hr-768x14.png 768w\" sizes=\"(max-width: 800px) 100vw, 800px\" title=\"\">\t\t\t\t\t\t\t\t\t\t\t\t\t\t\t<\/div>\n\t\t\t\t<\/div>\n\t\t\t\t<div class=\"elementor-element elementor-element-7d78b4c elementor-widget elementor-widget-text-editor\" data-id=\"7d78b4c\" data-element_type=\"widget\" data-e-type=\"widget\" data-widget_type=\"text-editor.default\">\n\t\t\t\t<div class=\"elementor-widget-container\">\n\t\t\t\t\t\t\t\t\t<div class=\"wpb_text_column wpb_content_element\">\n<div class=\"wpb_wrapper\">\n<p>Sind Sie auf der Suche nach einer herrlichen \u00dcbernachtungsm\u00f6glichkeit inmitten der H\u00fcgellandschaft von S\u00fcd-Limburg? Hotel Bergrust ist der perfekte Ausgangspunkt f\u00fcr einen aktiven oder entspannten Aufenthalt in wohnlicher Umgebung. Machen Sie eine Wanderung oder eine Fahrradtour oder gehen Sie shoppen in Maastricht und entspannen Sie sich anschlie\u00dfend in unserem komfortablen Familienhotel. <br><br>Erkunden Sie au\u00dferdem besondere Orte in der Umgebung, wie das historische Maastricht oder das idyllische Valkenburg. Kommen Sie und entdecken Sie das wundervolle Limburg und alles, was es zu bieten hat.<\/p>\n<\/div>\n<\/div>\n<div class=\"vc_empty_space\" style=\"height: 25px;\">&nbsp;<\/div>\t\t\t\t\t\t\t\t<\/div>\n\t\t\t\t<\/div>\n\t\t\t\t<\/div>\n\t\t<div class=\"elementor-element elementor-element-afba581 e-con-full e-flex e-con e-child\" data-id=\"afba581\" data-element_type=\"container\" data-e-type=\"container\" data-settings=\"{&quot;jet_parallax_layout_list&quot;:[]}\">\n\t\t\t\t<div class=\"elementor-element elementor-element-fa07325 elementor-widget elementor-widget-image\" data-id=\"fa07325\" data-element_type=\"widget\" data-e-type=\"widget\" data-widget_type=\"image.default\">\n\t\t\t\t<div class=\"elementor-widget-container\">\n\t\t\t\t\t\t\t\t\t\t\t\t\t\t\t<img fetchpriority=\"high\" decoding=\"async\" width=\"800\" height=\"536\" src=\"https:\/\/bergrust.nl\/wp-content\/uploads\/2025\/12\/Hotel-Bergrust-Bemelen-home-oud-1.jpg\" class=\"attachment-large size-large wp-image-407\" alt=\"\" srcset=\"https:\/\/bergrust.nl\/wp-content\/uploads\/2025\/12\/Hotel-Bergrust-Bemelen-home-oud-1.jpg 968w, https:\/\/bergrust.nl\/wp-content\/uploads\/2025\/12\/Hotel-Bergrust-Bemelen-home-oud-1-300x201.jpg 300w, https:\/\/bergrust.nl\/wp-content\/uploads\/2025\/12\/Hotel-Bergrust-Bemelen-home-oud-1-768x515.jpg 768w\" sizes=\"(max-width: 800px) 100vw, 800px\" title=\"\">\t\t\t\t\t\t\t\t\t\t\t\t\t\t\t<\/div>\n\t\t\t\t<\/div>\n\t\t\t\t<\/div>\n\t\t\t\t<\/div>\n\t\t\t\t<\/div>\n\t\t\t\t\t<\/div>\n\t\t\t\t<\/div>\n\t\t<div class=\"elementor-element elementor-element-c588452 e-flex e-con-boxed e-con e-parent\" data-id=\"c588452\" data-element_type=\"container\" data-e-type=\"container\" data-settings=\"{&quot;background_background&quot;:&quot;classic&quot;,&quot;jet_parallax_layout_list&quot;:[]}\">\n\t\t\t\t\t<div class=\"e-con-inner\">\n\t\t<div class=\"elementor-element elementor-element-ed9733a e-con-full e-flex e-con e-child\" data-id=\"ed9733a\" data-element_type=\"container\" data-e-type=\"container\" data-settings=\"{&quot;jet_parallax_layout_list&quot;:[]}\">\n\t\t\t\t<\/div>\n\t\t\t\t\t<\/div>\n\t\t\t\t<\/div>\n\t\t<div class=\"elementor-element elementor-element-0941289 e-flex e-con-boxed e-con e-parent\" data-id=\"0941289\" data-element_type=\"container\" data-e-type=\"container\" data-settings=\"{&quot;background_background&quot;:&quot;classic&quot;,&quot;jet_parallax_layout_list&quot;:[]}\">\n\t\t\t\t\t<div class=\"e-con-inner\">\n\t\t<div class=\"elementor-element elementor-element-ac547bd e-con-full e-flex e-con e-child\" data-id=\"ac547bd\" data-element_type=\"container\" data-e-type=\"container\" data-settings=\"{&quot;jet_parallax_layout_list&quot;:[]}\">\n\t\t\t\t<div class=\"elementor-element elementor-element-5f26b9f elementor-widget elementor-widget-heading\" data-id=\"5f26b9f\" data-element_type=\"widget\" data-e-type=\"widget\" data-widget_type=\"heading.default\">\n\t\t\t\t<div class=\"elementor-widget-container\">\n\t\t\t\t\t<h1 class=\"elementor-heading-title elementor-size-default\">\u00dcberpr\u00fcfen Sie unsere Zimmer<\/h1>\t\t\t\t<\/div>\n\t\t\t\t<\/div>\n\t\t\t\t<div class=\"elementor-element elementor-element-e6a0ba2 elementor-widget elementor-widget-image\" data-id=\"e6a0ba2\" data-element_type=\"widget\" data-e-type=\"widget\" data-widget_type=\"image.default\">\n\t\t\t\t<div class=\"elementor-widget-container\">\n\t\t\t\t\t\t\t\t\t\t\t\t\t\t\t<img decoding=\"async\" width=\"800\" height=\"15\" src=\"https:\/\/bergrust.nl\/wp-content\/uploads\/2025\/12\/hr.png\" class=\"attachment-large size-large wp-image-406\" alt=\"\" srcset=\"https:\/\/bergrust.nl\/wp-content\/uploads\/2025\/12\/hr.png 960w, https:\/\/bergrust.nl\/wp-content\/uploads\/2025\/12\/hr-300x6.png 300w, https:\/\/bergrust.nl\/wp-content\/uploads\/2025\/12\/hr-768x14.png 768w\" sizes=\"(max-width: 800px) 100vw, 800px\" title=\"\">\t\t\t\t\t\t\t\t\t\t\t\t\t\t\t<\/div>\n\t\t\t\t<\/div>\n\t\t<div class=\"elementor-element elementor-element-fc13388 e-con-full e-flex e-con e-child\" data-id=\"fc13388\" data-element_type=\"container\" data-e-type=\"container\" data-settings=\"{&quot;jet_parallax_layout_list&quot;:[]}\">\n\t\t<div class=\"elementor-element elementor-element-bbd6ff4 e-con-full e-flex e-con e-child\" data-id=\"bbd6ff4\" data-element_type=\"container\" data-e-type=\"container\" data-settings=\"{&quot;jet_parallax_layout_list&quot;:[]}\">\n\t\t<div class=\"elementor-element elementor-element-fddbbdd e-con-full e-flex e-con e-child\" data-id=\"fddbbdd\" data-element_type=\"container\" data-e-type=\"container\" data-settings=\"{&quot;background_background&quot;:&quot;classic&quot;,&quot;jet_parallax_layout_list&quot;:[]}\">\n\t\t\t\t<div class=\"elementor-element elementor-element-43db6c0 elementor-align-start elementor-icon-list--layout-traditional elementor-list-item-link-full_width elementor-widget elementor-widget-icon-list\" data-id=\"43db6c0\" data-element_type=\"widget\" data-e-type=\"widget\" data-widget_type=\"icon-list.default\">\n\t\t\t\t<div class=\"elementor-widget-container\">\n\t\t\t\t\t\t\t<ul class=\"elementor-icon-list-items\">\n\t\t\t\t\t\t\t<li class=\"elementor-icon-list-item\">\n\t\t\t\t\t\t\t\t\t\t\t<span class=\"elementor-icon-list-icon\">\n\t\t\t\t\t\t\t<i aria-hidden=\"true\" class=\"fas fa-parking\"><\/i>\t\t\t\t\t\t<\/span>\n\t\t\t\t\t\t\t\t\t\t<span class=\"elementor-icon-list-text\">Kostenloses Parken<\/span>\n\t\t\t\t\t\t\t\t\t<\/li>\n\t\t\t\t\t\t\t\t<li class=\"elementor-icon-list-item\">\n\t\t\t\t\t\t\t\t\t\t\t<span class=\"elementor-icon-list-icon\">\n\t\t\t\t\t\t\t<i aria-hidden=\"true\" class=\"fas fa-utensils\"><\/i>\t\t\t\t\t\t<\/span>\n\t\t\t\t\t\t\t\t\t\t<span class=\"elementor-icon-list-text\">Fr\u00fchst\u00fcck inklusive<\/span>\n\t\t\t\t\t\t\t\t\t<\/li>\n\t\t\t\t\t\t\t\t<li class=\"elementor-icon-list-item\">\n\t\t\t\t\t\t\t\t\t\t\t<span class=\"elementor-icon-list-icon\">\n\t\t\t\t\t\t\t<i aria-hidden=\"true\" class=\"fas fa-bicycle\"><\/i>\t\t\t\t\t\t<\/span>\n\t\t\t\t\t\t\t\t\t\t<span class=\"elementor-icon-list-text\">Fahrradstellplatz<\/span>\n\t\t\t\t\t\t\t\t\t<\/li>\n\t\t\t\t\t\t\t\t<li class=\"elementor-icon-list-item\">\n\t\t\t\t\t\t\t\t\t\t\t<span class=\"elementor-icon-list-icon\">\n\t\t\t\t\t\t\t<i aria-hidden=\"true\" class=\"fas fa-plug\"><\/i>\t\t\t\t\t\t<\/span>\n\t\t\t\t\t\t\t\t\t\t<span class=\"elementor-icon-list-text\">E-Auto ladepunkt<\/span>\n\t\t\t\t\t\t\t\t\t<\/li>\n\t\t\t\t\t\t\t\t<li class=\"elementor-icon-list-item\">\n\t\t\t\t\t\t\t\t\t\t\t<span class=\"elementor-icon-list-icon\">\n\t\t\t\t\t\t\t<i aria-hidden=\"true\" class=\"fas fa-snowflake\"><\/i>\t\t\t\t\t\t<\/span>\n\t\t\t\t\t\t\t\t\t\t<span class=\"elementor-icon-list-text\">AC<\/span>\n\t\t\t\t\t\t\t\t\t<\/li>\n\t\t\t\t\t\t<\/ul>\n\t\t\t\t\t\t<\/div>\n\t\t\t\t<\/div>\n\t\t\t\t<div class=\"elementor-element elementor-element-ca15a8f elementor-align-center elementor-widget elementor-widget-button\" data-id=\"ca15a8f\" data-element_type=\"widget\" data-e-type=\"widget\" data-widget_type=\"button.default\">\n\t\t\t\t<div class=\"elementor-widget-container\">\n\t\t\t\t\t\t\t\t\t<div class=\"elementor-button-wrapper\">\n\t\t\t\t\t<a class=\"elementor-button elementor-button-link elementor-size-xs\" href=\"https:\/\/bergrust.nl\/de\/comfort-kamer\/\">\n\t\t\t\t\t\t<span class=\"elementor-button-content-wrapper\">\n\t\t\t\t\t\t\t\t\t<span class=\"elementor-button-text\">Komfortzimmer<\/span>\n\t\t\t\t\t<\/span>\n\t\t\t\t\t<\/a>\n\t\t\t\t<\/div>\n\t\t\t\t\t\t\t\t<\/div>\n\t\t\t\t<\/div>\n\t\t\t\t<\/div>\n\t\t\t\t<\/div>\n\t\t<div class=\"elementor-element elementor-element-1a699b8 e-con-full e-flex e-con e-child\" data-id=\"1a699b8\" data-element_type=\"container\" data-e-type=\"container\" data-settings=\"{&quot;jet_parallax_layout_list&quot;:[]}\">\n\t\t<div class=\"elementor-element elementor-element-3870410 e-con-full e-flex e-con e-child\" data-id=\"3870410\" data-element_type=\"container\" data-e-type=\"container\" data-settings=\"{&quot;background_background&quot;:&quot;classic&quot;,&quot;jet_parallax_layout_list&quot;:[]}\">\n\t\t\t\t<div class=\"elementor-element elementor-element-36e3271 elementor-align-start elementor-icon-list--layout-traditional elementor-list-item-link-full_width elementor-widget elementor-widget-icon-list\" data-id=\"36e3271\" data-element_type=\"widget\" data-e-type=\"widget\" data-widget_type=\"icon-list.default\">\n\t\t\t\t<div class=\"elementor-widget-container\">\n\t\t\t\t\t\t\t<ul class=\"elementor-icon-list-items\">\n\t\t\t\t\t\t\t<li class=\"elementor-icon-list-item\">\n\t\t\t\t\t\t\t\t\t\t\t<span class=\"elementor-icon-list-icon\">\n\t\t\t\t\t\t\t<i aria-hidden=\"true\" class=\"fas fa-parking\"><\/i>\t\t\t\t\t\t<\/span>\n\t\t\t\t\t\t\t\t\t\t<span class=\"elementor-icon-list-text\">Kostenloses Parken<\/span>\n\t\t\t\t\t\t\t\t\t<\/li>\n\t\t\t\t\t\t\t\t<li class=\"elementor-icon-list-item\">\n\t\t\t\t\t\t\t\t\t\t\t<span class=\"elementor-icon-list-icon\">\n\t\t\t\t\t\t\t<i aria-hidden=\"true\" class=\"fas fa-utensils\"><\/i>\t\t\t\t\t\t<\/span>\n\t\t\t\t\t\t\t\t\t\t<span class=\"elementor-icon-list-text\">Fr\u00fchst\u00fcck inklusive<\/span>\n\t\t\t\t\t\t\t\t\t<\/li>\n\t\t\t\t\t\t\t\t<li class=\"elementor-icon-list-item\">\n\t\t\t\t\t\t\t\t\t\t\t<span class=\"elementor-icon-list-icon\">\n\t\t\t\t\t\t\t<i aria-hidden=\"true\" class=\"fas fa-bicycle\"><\/i>\t\t\t\t\t\t<\/span>\n\t\t\t\t\t\t\t\t\t\t<span class=\"elementor-icon-list-text\">Fahrradstellplatz<\/span>\n\t\t\t\t\t\t\t\t\t<\/li>\n\t\t\t\t\t\t\t\t<li class=\"elementor-icon-list-item\">\n\t\t\t\t\t\t\t\t\t\t\t<span class=\"elementor-icon-list-icon\">\n\t\t\t\t\t\t\t<i aria-hidden=\"true\" class=\"fas fa-plug\"><\/i>\t\t\t\t\t\t<\/span>\n\t\t\t\t\t\t\t\t\t\t<span class=\"elementor-icon-list-text\">E-Auto ladepunkt<\/span>\n\t\t\t\t\t\t\t\t\t<\/li>\n\t\t\t\t\t\t\t\t<li class=\"elementor-icon-list-item\">\n\t\t\t\t\t\t\t\t\t\t\t<span class=\"elementor-icon-list-icon\">\n\t\t\t\t\t\t\t<i aria-hidden=\"true\" class=\"fas fa-snowflake\"><\/i>\t\t\t\t\t\t<\/span>\n\t\t\t\t\t\t\t\t\t\t<span class=\"elementor-icon-list-text\">AC<\/span>\n\t\t\t\t\t\t\t\t\t<\/li>\n\t\t\t\t\t\t<\/ul>\n\t\t\t\t\t\t<\/div>\n\t\t\t\t<\/div>\n\t\t\t\t<div class=\"elementor-element elementor-element-9d672b2 elementor-align-center elementor-widget elementor-widget-button\" data-id=\"9d672b2\" data-element_type=\"widget\" data-e-type=\"widget\" data-widget_type=\"button.default\">\n\t\t\t\t<div class=\"elementor-widget-container\">\n\t\t\t\t\t\t\t\t\t<div class=\"elementor-button-wrapper\">\n\t\t\t\t\t<a class=\"elementor-button elementor-button-link elementor-size-xs\" href=\"https:\/\/bergrust.nl\/de\/basic-kamer\/\">\n\t\t\t\t\t\t<span class=\"elementor-button-content-wrapper\">\n\t\t\t\t\t\t\t\t\t<span class=\"elementor-button-text\">Basiszimmer<\/span>\n\t\t\t\t\t<\/span>\n\t\t\t\t\t<\/a>\n\t\t\t\t<\/div>\n\t\t\t\t\t\t\t\t<\/div>\n\t\t\t\t<\/div>\n\t\t\t\t<\/div>\n\t\t\t\t<\/div>\n\t\t\t\t<\/div>\n\t\t\t\t<\/div>\n\t\t\t\t\t<\/div>\n\t\t\t\t<\/div>\n\t\t<div class=\"elementor-element elementor-element-f8e4932 e-flex e-con-boxed e-con e-parent\" data-id=\"f8e4932\" data-element_type=\"container\" data-e-type=\"container\" data-settings=\"{&quot;background_background&quot;:&quot;classic&quot;,&quot;jet_parallax_layout_list&quot;:[]}\">\n\t\t\t\t\t<div class=\"e-con-inner\">\n\t\t<div class=\"elementor-element elementor-element-2089882 e-con-full e-flex e-con e-child\" data-id=\"2089882\" data-element_type=\"container\" data-e-type=\"container\" data-settings=\"{&quot;jet_parallax_layout_list&quot;:[]}\">\n\t\t\t\t<div class=\"elementor-element elementor-element-58c1610 elementor-widget elementor-widget-heading\" data-id=\"58c1610\" data-element_type=\"widget\" data-e-type=\"widget\" data-widget_type=\"heading.default\">\n\t\t\t\t<div class=\"elementor-widget-container\">\n\t\t\t\t\t<h1 class=\"elementor-heading-title elementor-size-default\">Eindruck<\/h1>\t\t\t\t<\/div>\n\t\t\t\t<\/div>\n\t\t\t\t<div class=\"elementor-element elementor-element-025942f elementor-widget elementor-widget-image\" data-id=\"025942f\" data-element_type=\"widget\" data-e-type=\"widget\" data-widget_type=\"image.default\">\n\t\t\t\t<div class=\"elementor-widget-container\">\n\t\t\t\t\t\t\t\t\t\t\t\t\t\t\t<img decoding=\"async\" width=\"800\" height=\"15\" src=\"https:\/\/bergrust.nl\/wp-content\/uploads\/2025\/12\/hr.png\" class=\"attachment-large size-large wp-image-406\" alt=\"\" srcset=\"https:\/\/bergrust.nl\/wp-content\/uploads\/2025\/12\/hr.png 960w, https:\/\/bergrust.nl\/wp-content\/uploads\/2025\/12\/hr-300x6.png 300w, https:\/\/bergrust.nl\/wp-content\/uploads\/2025\/12\/hr-768x14.png 768w\" sizes=\"(max-width: 800px) 100vw, 800px\" title=\"\">\t\t\t\t\t\t\t\t\t\t\t\t\t\t\t<\/div>\n\t\t\t\t<\/div>\n\t\t\t\t<div class=\"elementor-element elementor-element-9e0ca62 elementor-widget elementor-widget-043web-gallery-widget\" data-id=\"9e0ca62\" data-element_type=\"widget\" data-e-type=\"widget\" data-widget_type=\"043web-gallery-widget.default\">\n\t\t\t\t<div class=\"elementor-widget-container\">\n\t\t\t\t\t<div class=\"custom-gallery-layout grid\"><div class=\"custom-gallery-item active\" data-order-index=\"0\" data-gallery-id=\"\"  style=\"--width: 800; --height: 532;\"><a class=\"gallery-item\" href=\"https:\/\/bergrust.nl\/wp-content\/uploads\/2025\/12\/Hotel-Bergrust-Algemeen35-1.jpg\" data-elementor-open-lightbox=\"yes\" data-elementor-lightbox-slideshow=\"9e0ca62\"><img decoding=\"async\" src=\"https:\/\/bergrust.nl\/wp-content\/uploads\/2025\/12\/Hotel-Bergrust-Algemeen35-1.jpg\" alt=\"\" title=\"\"><\/a><\/div><div class=\"custom-gallery-item active\" data-order-index=\"1\" data-gallery-id=\"\"  style=\"--width: 800; --height: 532;\"><a class=\"gallery-item\" href=\"https:\/\/bergrust.nl\/wp-content\/uploads\/2025\/12\/Hotel-Bergrust-Algemeen06-1.jpg\" data-elementor-open-lightbox=\"yes\" data-elementor-lightbox-slideshow=\"9e0ca62\"><img decoding=\"async\" src=\"https:\/\/bergrust.nl\/wp-content\/uploads\/2025\/12\/Hotel-Bergrust-Algemeen06-1.jpg\" alt=\"\" title=\"\"><\/a><\/div><div class=\"custom-gallery-item active\" data-order-index=\"2\" data-gallery-id=\"\"  style=\"--width: 1707; --height: 2560;\"><a class=\"gallery-item\" href=\"https:\/\/bergrust.nl\/wp-content\/uploads\/2026\/03\/033_EnriqueMeesters_Bergrust-details_HR_20260223.webp\" data-elementor-open-lightbox=\"yes\" data-elementor-lightbox-slideshow=\"9e0ca62\"><img decoding=\"async\" src=\"https:\/\/bergrust.nl\/wp-content\/uploads\/2026\/03\/033_EnriqueMeesters_Bergrust-details_HR_20260223.webp\" alt=\"\" title=\"\"><\/a><\/div><div class=\"custom-gallery-item active\" data-order-index=\"3\" data-gallery-id=\"\"  style=\"--width: 2560; --height: 1707;\"><a class=\"gallery-item\" href=\"https:\/\/bergrust.nl\/wp-content\/uploads\/2026\/03\/015_EnriqueMeesters_Bergrust-kamers_HR_20260223.webp\" data-elementor-open-lightbox=\"yes\" data-elementor-lightbox-slideshow=\"9e0ca62\"><img decoding=\"async\" src=\"https:\/\/bergrust.nl\/wp-content\/uploads\/2026\/03\/015_EnriqueMeesters_Bergrust-kamers_HR_20260223.webp\" alt=\"\" title=\"\"><\/a><\/div><div class=\"custom-gallery-item active\" data-order-index=\"4\" data-gallery-id=\"\"  style=\"--width: 800; --height: 532;\"><a class=\"gallery-item\" href=\"https:\/\/bergrust.nl\/wp-content\/uploads\/2025\/12\/Hotel-Bergrust-Brasserie-14-slider-1.jpg\" data-elementor-open-lightbox=\"yes\" data-elementor-lightbox-slideshow=\"9e0ca62\"><img decoding=\"async\" src=\"https:\/\/bergrust.nl\/wp-content\/uploads\/2025\/12\/Hotel-Bergrust-Brasserie-14-slider-1.jpg\" alt=\"\" title=\"\"><\/a><\/div><div class=\"custom-gallery-item active\" data-order-index=\"5\" data-gallery-id=\"\"  style=\"--width: 800; --height: 532;\"><a class=\"gallery-item\" href=\"https:\/\/bergrust.nl\/wp-content\/uploads\/2025\/12\/Hotel-Bergrust-Basickamer10-1.jpg\" data-elementor-open-lightbox=\"yes\" data-elementor-lightbox-slideshow=\"9e0ca62\"><img decoding=\"async\" src=\"https:\/\/bergrust.nl\/wp-content\/uploads\/2025\/12\/Hotel-Bergrust-Basickamer10-1.jpg\" alt=\"\" title=\"\"><\/a><\/div><div class=\"custom-gallery-item active\" data-order-index=\"6\" data-gallery-id=\"\"  style=\"--width: 800; --height: 532;\"><a class=\"gallery-item\" href=\"https:\/\/bergrust.nl\/wp-content\/uploads\/2025\/12\/Hotel-Bergrust-Basickamer13-1.jpg\" data-elementor-open-lightbox=\"yes\" data-elementor-lightbox-slideshow=\"9e0ca62\"><img decoding=\"async\" src=\"https:\/\/bergrust.nl\/wp-content\/uploads\/2025\/12\/Hotel-Bergrust-Basickamer13-1.jpg\" alt=\"\" title=\"\"><\/a><\/div><div class=\"custom-gallery-item active\" data-order-index=\"7\" data-gallery-id=\"\"  style=\"--width: 800; --height: 533;\"><a class=\"gallery-item\" href=\"https:\/\/bergrust.nl\/wp-content\/uploads\/2025\/12\/3-1.jpg\" data-elementor-open-lightbox=\"yes\" data-elementor-lightbox-slideshow=\"9e0ca62\"><img decoding=\"async\" src=\"https:\/\/bergrust.nl\/wp-content\/uploads\/2025\/12\/3-1.jpg\" alt=\"\" title=\"\"><\/a><\/div><div class=\"custom-gallery-item active\" data-order-index=\"8\" data-gallery-id=\"\"  style=\"--width: 800; --height: 532;\"><a class=\"gallery-item\" href=\"https:\/\/bergrust.nl\/wp-content\/uploads\/2025\/12\/Hotel-Bergrust-Algemeen04-1.jpg\" data-elementor-open-lightbox=\"yes\" data-elementor-lightbox-slideshow=\"9e0ca62\"><img decoding=\"async\" src=\"https:\/\/bergrust.nl\/wp-content\/uploads\/2025\/12\/Hotel-Bergrust-Algemeen04-1.jpg\" alt=\"\" title=\"\"><\/a><\/div><div class=\"custom-gallery-item active\" data-order-index=\"9\" data-gallery-id=\"\"  style=\"--width: 800; --height: 533;\"><a class=\"gallery-item\" href=\"https:\/\/bergrust.nl\/wp-content\/uploads\/2025\/12\/Hotel-Bergrust-Brasserie-15-slider-1.jpg\" data-elementor-open-lightbox=\"yes\" data-elementor-lightbox-slideshow=\"9e0ca62\"><img decoding=\"async\" src=\"https:\/\/bergrust.nl\/wp-content\/uploads\/2025\/12\/Hotel-Bergrust-Brasserie-15-slider-1.jpg\" alt=\"\" title=\"\"><\/a><\/div><div class=\"custom-gallery-item active\" data-order-index=\"10\" data-gallery-id=\"\"  style=\"--width: 800; --height: 530;\"><a class=\"gallery-item\" href=\"https:\/\/bergrust.nl\/wp-content\/uploads\/2025\/12\/Hotel-Bergrust-home-slider-18-1.jpg\" data-elementor-open-lightbox=\"yes\" data-elementor-lightbox-slideshow=\"9e0ca62\"><img decoding=\"async\" src=\"https:\/\/bergrust.nl\/wp-content\/uploads\/2025\/12\/Hotel-Bergrust-home-slider-18-1.jpg\" alt=\"\" title=\"\"><\/a><\/div><div class=\"custom-gallery-item active\" data-order-index=\"11\" data-gallery-id=\"\"  style=\"--width: 1707; --height: 2560;\"><a class=\"gallery-item\" href=\"https:\/\/bergrust.nl\/wp-content\/uploads\/2026\/03\/013_EnriqueMeesters_Bergrust-details_HR_20260223.webp\" data-elementor-open-lightbox=\"yes\" data-elementor-lightbox-slideshow=\"9e0ca62\"><img decoding=\"async\" src=\"https:\/\/bergrust.nl\/wp-content\/uploads\/2026\/03\/013_EnriqueMeesters_Bergrust-details_HR_20260223.webp\" alt=\"\" title=\"\"><\/a><\/div><\/div>\t\t\t\t<\/div>\n\t\t\t\t<\/div>\n\t\t\t\t<\/div>\n\t\t\t\t\t<\/div>\n\t\t\t\t<\/div>\n\t\t<div class=\"elementor-element elementor-element-6872107 e-flex e-con-boxed e-con e-parent\" data-id=\"6872107\" data-element_type=\"container\" data-e-type=\"container\" data-settings=\"{&quot;jet_parallax_layout_list&quot;:[]}\">\n\t\t\t\t\t<div class=\"e-con-inner\">\n\t\t<div class=\"elementor-element elementor-element-57c3067 e-con-full e-flex e-con e-child\" data-id=\"57c3067\" data-element_type=\"container\" data-e-type=\"container\" data-settings=\"{&quot;jet_parallax_layout_list&quot;:[]}\">\n\t\t\t\t<div class=\"elementor-element elementor-element-99aad96 elementor-widget elementor-widget-html\" data-id=\"99aad96\" data-element_type=\"widget\" data-e-type=\"widget\" data-widget_type=\"html.default\">\n\t\t\t\t<div class=\"elementor-widget-container\">\n\t\t\t\t\t<script type=\"text\/javascript\" src=\"https:\/\/cubilis.eu\/connect\/reviews.ashx?logisid=1483&amp;language=nl\"><\/script>\n<div id=\"Stardekk-Review-Container\"><\/div>\t\t\t\t<\/div>\n\t\t\t\t<\/div>\n\t\t\t\t<\/div>\n\t\t\t\t\t<\/div>\n\t\t\t\t<\/div>\n\t\t\t\t<\/div>","protected":false},"excerpt":{"rendered":"<p>Ontdek het comfort en de unieke ligging van Hotel Bergrust in Bemelen Bent u op zoek naar een heerlijke overnachting midden in het glooiende Limburgse landschap? Hotel Bergrust in Bemelen is de ideale uitvalsbasis voor een actief of juist een ontspannen verblijf in een huiselijke ambiance. Kom wandelen, fietsen of shoppen in Maastricht om erna [&hellip;]<\/p>\n","protected":false},"author":1,"featured_media":0,"parent":0,"menu_order":0,"comment_status":"closed","ping_status":"closed","template":"","meta":{"footnotes":""},"class_list":["post-2","page","type-page","status-publish","hentry"],"_links":{"self":[{"href":"https:\/\/bergrust.nl\/de\/wp-json\/wp\/v2\/pages\/2","targetHints":{"allow":["GET"]}}],"collection":[{"href":"https:\/\/bergrust.nl\/de\/wp-json\/wp\/v2\/pages"}],"about":[{"href":"https:\/\/bergrust.nl\/de\/wp-json\/wp\/v2\/types\/page"}],"author":[{"embeddable":true,"href":"https:\/\/bergrust.nl\/de\/wp-json\/wp\/v2\/users\/1"}],"replies":[{"embeddable":true,"href":"https:\/\/bergrust.nl\/de\/wp-json\/wp\/v2\/comments?post=2"}],"version-history":[{"count":41,"href":"https:\/\/bergrust.nl\/de\/wp-json\/wp\/v2\/pages\/2\/revisions"}],"predecessor-version":[{"id":943,"href":"https:\/\/bergrust.nl\/de\/wp-json\/wp\/v2\/pages\/2\/revisions\/943"}],"wp:attachment":[{"href":"https:\/\/bergrust.nl\/de\/wp-json\/wp\/v2\/media?parent=2"}],"curies":[{"name":"wp","href":"https:\/\/api.w.org\/{rel}","templated":true}]}}